{"id":9079,"date":"2019-12-25T20:08:33","date_gmt":"2019-12-25T19:08:33","guid":{"rendered":"http:\/\/visitsubotica.rs\/dozivite-suboticu\/upoznajte-grad-copy\/"},"modified":"2024-09-13T01:13:19","modified_gmt":"2024-09-12T23:13:19","slug":"about-subotica","status":"publish","type":"page","link":"https:\/\/visitsubotica.rs\/en\/experience-subotica\/about-subotica\/","title":{"rendered":"About Subotica"},"content":{"rendered":"\n<p>Grad Subotica se nalazi na severu Republike Srbije, du\u017e glavnih evropskih koridora i izme\u0111u dve reke: Dunava i Tise. Izvanredno kulturno nasle\u0111e, bogato ukra\u0161ene gra\u0111evine, multikulturalni duh i evropski \u0161arm su osobine koje \u010dine ovaj grad druga\u010dijim.<\/p>\n\n\n\n<p>Subotica je poznata po svojoj opu\u0161tenoj atmosferi, dobroj hrani i kvalitetnim vinima. Festivali, doga\u0111aji, koncerti, \u017eivopisan kulturni \u017eivot tokom cele godine je razlog vi\u0161e da posetite na\u0161 grad. Povrh toga, Subotica nudi puno zanimljivih mesta za odmor i razonodu, kao i za mnogobrojne aktivnosti oko jezera, na ergelama, sala\u0161ima, u \u0161umama i lovi\u0161tima.<\/p>\n\n\n\n<p>Pali\u0107, jezero i naselje sa istim imenom, nalazi se 8 kilometara isto\u010dno od Subotice. On uvek nudi ne\u0161to novo i neponovljivo, a svake sezone su sadr\u017eaji na njemu sve bogatiji. Izvanredni objekti sa po\u010detka 20. veka (Vodotoranj, Velika terasa, \u017denski \u0161trand i Muzi\u010dki paviljon), prelep Veliki park, prepoznatljivo jezero kao i mir i ti\u0161ina \u010dine Pali\u0107 idealnim prostorom za odmor i u\u017eivanje.<\/p>\n\n\n\n<p>Trenutno na Pali\u0107u mo\u017eete odsesti u hotelima visoke kategorije, renoviranim luksuznim vilama izgra\u0111enim u takozvanom &#8220;Pali\u0107kom stilu&#8221; i mnogim objektima privatnog sme\u0161taja. Odli\u010dni restorani i kafi\u0107i, sportski i rekreativni tereni, tri pla\u017ee, Zoolo\u0161ki vrt, niz raznovrsnih doga\u0111aja, dinami\u010dan kulturni \u017eivot, mogu\u0107nosti zabave i dodatni sadr\u017eaji \u010dine sveobuhvatnu ponudu turisti\u010dkog centra Pali\u0107.<\/p>\n\n\n\n<h2 class=\"wp-block-heading\">Upoznajte Suboticu<\/h2>\n\n\n\n<ul class=\"wp-block-list\"><li>Dr\u017eava: Srbija<\/li><li>Geografska lokacija: 46\u00b006\u203201\u2033N 19\u00b039\u203256\u2033E<\/li><li>Broj stanovnika (2011): 140.538\u00a0<\/li><li>Valuta: Dinar 1 RSD\u00a0<\/li><li>Pozivni broj za dr\u017eavu i grad: +381 (0) 24\u00a0<\/li><\/ul>\n\n\n\n<h3 class=\"wp-block-heading\">Istorija Subotice<\/h3>\n\n\n\n<p>Subotica se prvi put pominje u pisanim dokumentima pod imenom Zabatka 1391. godine. Od tada je promenila vi\u0161e od 200 imena od kojih su najkarakteristi\u010dnija bila: Szent-Maria, Maria Theresiopolis, Marija Theresienstadt, Szabadka i Subotica. Ona postaje zna\u010dajnije naselje tek posle tatarskih pohoda po\u010detkom 13. veka, kada se pre\u017eivelo stanovni\u0161tvo okupilo na strate\u0161ki odabranom mestu, platou izdignutom i okru\u017eenom vodom, na kojem se danas uzdi\u017ee Franjeva\u010dka crkva. To je bilo idealno mesto za ljude iz ravnice, sa kog su mogli da se brane od osvaja\u010da.<\/p>\n\n\n\n<p>Dugo vremena je Subotica bila na granici dve mo\u0107ne imperije, Ma\u0111arske i Turske. Ona je po\u010dela da se razvija tek nakon \u0161to je izgubila svoj vojni zna\u010daj. Subotica je 1779. godine dobila status slobodnog kraljevskog grada, koji joj je doneo ve\u0107u autonomiju i privilegije i tada po\u010dinje da privla\u010di preduzetnike: seljake, zanatlije i trgovce iz okru\u017eenja i srednje Evrope.<\/p>\n\n\n\n<p>U drugoj polovini 19. veka, nakon \u0161to je \u017eeleznica stigla u grad (1869. godine), trgovina poljoprivrednim i sto\u010darskim proizvodima je naglo po\u010dela da se razvija. Industrijalizacija po\u010dinje krajem 19. veka, kada Subotica postaje moderan srednjeevropski grad.<\/p>\n\n\n\n<p>Nakon Prvog svetskog rata, Vojvodina se prisajedinjuje Kraljevini Srba, Hrvata i Slovenaca (Trijanonskim sporazumom iz 1920. godine), a 1929. godine Subotica postaje deo nove dr\u017eave Kraljevine Jugoslavije. Od tada Subotica nije menjala ime, ali nazive dr\u017eave jeste \u2013 \u010dak pet puta.<\/p>\n\n\n\n<p>Tokom Drugog svetskog rata Subotica pro\u017eivljava stra\u0161ne dane, kao i ostatak Evrope. Slede rekonstrukcija zemlje i privredni rast koji je trajao sve do turbulentnih 90-tih pro\u0161log veka.<\/p>\n\n\n\n<p><\/p>\n","protected":false},"excerpt":{"rendered":"<p>Grad Subotica se nalazi na severu Republike Srbije, du\u017e glavnih evropskih koridora i izme\u0111u dve reke: Dunava i Tise. Izvanredno kulturno nasle\u0111e, bogato ukra\u0161ene gra\u0111evine, multikulturalni duh i evropski \u0161arm su osobine koje \u010dine ovaj grad druga\u010dijim. Subotica je poznata po svojoj opu\u0161tenoj atmosferi, dobroj hrani i kvalitetnim vinima. Festivali, doga\u0111aji, koncerti, \u017eivopisan kulturni \u017eivot<\/p>\n","protected":false},"author":1,"featured_media":31859,"parent":9061,"menu_order":0,"comment_status":"closed","ping_status":"closed","template":"","meta":{"footnotes":""},"class_list":["post-9079","page","type-page","status-publish","has-post-thumbnail","hentry"],"yoast_head":"<!-- This site is optimized with the Yoast SEO plugin v27.3 - https:\/\/yoast.com\/product\/yoast-seo-wordpress\/ -->\n<title>About Subotica - Visit Subotica<\/title>\n<meta name=\"robots\" content=\"index, follow, max-snippet:-1, max-image-preview:large, max-video-preview:-1\" \/>\n<link rel=\"canonical\" href=\"https:\/\/visitsubotica.rs\/en\/experience-subotica\/about-subotica\/\" \/>\n<meta property=\"og:locale\" content=\"en_US\" \/>\n<meta property=\"og:type\" content=\"article\" \/>\n<meta property=\"og:title\" content=\"About Subotica - Visit Subotica\" \/>\n<meta property=\"og:description\" content=\"Grad Subotica se nalazi na severu Republike Srbije, du\u017e glavnih evropskih koridora i izme\u0111u dve reke: Dunava i Tise. Izvanredno kulturno nasle\u0111e, bogato ukra\u0161ene gra\u0111evine, multikulturalni duh i evropski \u0161arm su osobine koje \u010dine ovaj grad druga\u010dijim. Subotica je poznata po svojoj opu\u0161tenoj atmosferi, dobroj hrani i kvalitetnim vinima. Festivali, doga\u0111aji, koncerti, \u017eivopisan kulturni \u017eivot\" \/>\n<meta property=\"og:url\" content=\"https:\/\/visitsubotica.rs\/en\/experience-subotica\/about-subotica\/\" \/>\n<meta property=\"og:site_name\" content=\"Visit Subotica\" \/>\n<meta property=\"article:publisher\" content=\"https:\/\/www.facebook.com\/VisitSubotica.rs\/\" \/>\n<meta property=\"article:modified_time\" content=\"2024-09-12T23:13:19+00:00\" \/>\n<meta property=\"og:image\" content=\"https:\/\/visitsubotica.rs\/wp-content\/uploads\/2024\/08\/DV772731-scaled.jpg\" \/>\n\t<meta property=\"og:image:width\" content=\"2560\" \/>\n\t<meta property=\"og:image:height\" content=\"1707\" \/>\n\t<meta property=\"og:image:type\" content=\"image\/jpeg\" \/>\n<meta name=\"twitter:card\" content=\"summary_large_image\" \/>\n<meta name=\"twitter:site\" content=\"@visitsubotica\" \/>\n<meta name=\"twitter:label1\" content=\"Est. reading time\" \/>\n\t<meta name=\"twitter:data1\" content=\"3 minutes\" \/>\n<script type=\"application\/ld+json\" class=\"yoast-schema-graph\">{\"@context\":\"https:\\\/\\\/schema.org\",\"@graph\":[{\"@type\":\"WebPage\",\"@id\":\"https:\\\/\\\/visitsubotica.rs\\\/en\\\/experience-subotica\\\/about-subotica\\\/\",\"url\":\"https:\\\/\\\/visitsubotica.rs\\\/en\\\/experience-subotica\\\/about-subotica\\\/\",\"name\":\"About Subotica - Visit Subotica\",\"isPartOf\":{\"@id\":\"https:\\\/\\\/visitsubotica.rs\\\/#website\"},\"primaryImageOfPage\":{\"@id\":\"https:\\\/\\\/visitsubotica.rs\\\/en\\\/experience-subotica\\\/about-subotica\\\/#primaryimage\"},\"image\":{\"@id\":\"https:\\\/\\\/visitsubotica.rs\\\/en\\\/experience-subotica\\\/about-subotica\\\/#primaryimage\"},\"thumbnailUrl\":\"https:\\\/\\\/visitsubotica.rs\\\/wp-content\\\/uploads\\\/2024\\\/08\\\/DV772731-scaled.jpg\",\"datePublished\":\"2019-12-25T19:08:33+00:00\",\"dateModified\":\"2024-09-12T23:13:19+00:00\",\"breadcrumb\":{\"@id\":\"https:\\\/\\\/visitsubotica.rs\\\/en\\\/experience-subotica\\\/about-subotica\\\/#breadcrumb\"},\"inLanguage\":\"en-US\",\"potentialAction\":[{\"@type\":\"ReadAction\",\"target\":[\"https:\\\/\\\/visitsubotica.rs\\\/en\\\/experience-subotica\\\/about-subotica\\\/\"]}]},{\"@type\":\"ImageObject\",\"inLanguage\":\"en-US\",\"@id\":\"https:\\\/\\\/visitsubotica.rs\\\/en\\\/experience-subotica\\\/about-subotica\\\/#primaryimage\",\"url\":\"https:\\\/\\\/visitsubotica.rs\\\/wp-content\\\/uploads\\\/2024\\\/08\\\/DV772731-scaled.jpg\",\"contentUrl\":\"https:\\\/\\\/visitsubotica.rs\\\/wp-content\\\/uploads\\\/2024\\\/08\\\/DV772731-scaled.jpg\",\"width\":2560,\"height\":1707},{\"@type\":\"BreadcrumbList\",\"@id\":\"https:\\\/\\\/visitsubotica.rs\\\/en\\\/experience-subotica\\\/about-subotica\\\/#breadcrumb\",\"itemListElement\":[{\"@type\":\"ListItem\",\"position\":1,\"name\":\"Home\",\"item\":\"https:\\\/\\\/visitsubotica.rs\\\/en\\\/\"},{\"@type\":\"ListItem\",\"position\":2,\"name\":\"Experience Subotica\",\"item\":\"https:\\\/\\\/visitsubotica.rs\\\/en\\\/experience-subotica\\\/\"},{\"@type\":\"ListItem\",\"position\":3,\"name\":\"About Subotica\"}]},{\"@type\":\"WebSite\",\"@id\":\"https:\\\/\\\/visitsubotica.rs\\\/#website\",\"url\":\"https:\\\/\\\/visitsubotica.rs\\\/\",\"name\":\"Visit Subotica\",\"description\":\"Turisti\u010dka organizacija grada Subotice\",\"potentialAction\":[{\"@type\":\"SearchAction\",\"target\":{\"@type\":\"EntryPoint\",\"urlTemplate\":\"https:\\\/\\\/visitsubotica.rs\\\/?s={search_term_string}\"},\"query-input\":{\"@type\":\"PropertyValueSpecification\",\"valueRequired\":true,\"valueName\":\"search_term_string\"}}],\"inLanguage\":\"en-US\"}]}<\/script>\n<!-- \/ Yoast SEO plugin. -->","yoast_head_json":{"title":"About Subotica - Visit Subotica","robots":{"index":"index","follow":"follow","max-snippet":"max-snippet:-1","max-image-preview":"max-image-preview:large","max-video-preview":"max-video-preview:-1"},"canonical":"https:\/\/visitsubotica.rs\/en\/experience-subotica\/about-subotica\/","og_locale":"en_US","og_type":"article","og_title":"About Subotica - Visit Subotica","og_description":"Grad Subotica se nalazi na severu Republike Srbije, du\u017e glavnih evropskih koridora i izme\u0111u dve reke: Dunava i Tise. Izvanredno kulturno nasle\u0111e, bogato ukra\u0161ene gra\u0111evine, multikulturalni duh i evropski \u0161arm su osobine koje \u010dine ovaj grad druga\u010dijim. Subotica je poznata po svojoj opu\u0161tenoj atmosferi, dobroj hrani i kvalitetnim vinima. Festivali, doga\u0111aji, koncerti, \u017eivopisan kulturni \u017eivot","og_url":"https:\/\/visitsubotica.rs\/en\/experience-subotica\/about-subotica\/","og_site_name":"Visit Subotica","article_publisher":"https:\/\/www.facebook.com\/VisitSubotica.rs\/","article_modified_time":"2024-09-12T23:13:19+00:00","og_image":[{"width":2560,"height":1707,"url":"https:\/\/visitsubotica.rs\/wp-content\/uploads\/2024\/08\/DV772731-scaled.jpg","type":"image\/jpeg"}],"twitter_card":"summary_large_image","twitter_site":"@visitsubotica","twitter_misc":{"Est. reading time":"3 minutes"},"schema":{"@context":"https:\/\/schema.org","@graph":[{"@type":"WebPage","@id":"https:\/\/visitsubotica.rs\/en\/experience-subotica\/about-subotica\/","url":"https:\/\/visitsubotica.rs\/en\/experience-subotica\/about-subotica\/","name":"About Subotica - Visit Subotica","isPartOf":{"@id":"https:\/\/visitsubotica.rs\/#website"},"primaryImageOfPage":{"@id":"https:\/\/visitsubotica.rs\/en\/experience-subotica\/about-subotica\/#primaryimage"},"image":{"@id":"https:\/\/visitsubotica.rs\/en\/experience-subotica\/about-subotica\/#primaryimage"},"thumbnailUrl":"https:\/\/visitsubotica.rs\/wp-content\/uploads\/2024\/08\/DV772731-scaled.jpg","datePublished":"2019-12-25T19:08:33+00:00","dateModified":"2024-09-12T23:13:19+00:00","breadcrumb":{"@id":"https:\/\/visitsubotica.rs\/en\/experience-subotica\/about-subotica\/#breadcrumb"},"inLanguage":"en-US","potentialAction":[{"@type":"ReadAction","target":["https:\/\/visitsubotica.rs\/en\/experience-subotica\/about-subotica\/"]}]},{"@type":"ImageObject","inLanguage":"en-US","@id":"https:\/\/visitsubotica.rs\/en\/experience-subotica\/about-subotica\/#primaryimage","url":"https:\/\/visitsubotica.rs\/wp-content\/uploads\/2024\/08\/DV772731-scaled.jpg","contentUrl":"https:\/\/visitsubotica.rs\/wp-content\/uploads\/2024\/08\/DV772731-scaled.jpg","width":2560,"height":1707},{"@type":"BreadcrumbList","@id":"https:\/\/visitsubotica.rs\/en\/experience-subotica\/about-subotica\/#breadcrumb","itemListElement":[{"@type":"ListItem","position":1,"name":"Home","item":"https:\/\/visitsubotica.rs\/en\/"},{"@type":"ListItem","position":2,"name":"Experience Subotica","item":"https:\/\/visitsubotica.rs\/en\/experience-subotica\/"},{"@type":"ListItem","position":3,"name":"About Subotica"}]},{"@type":"WebSite","@id":"https:\/\/visitsubotica.rs\/#website","url":"https:\/\/visitsubotica.rs\/","name":"Visit Subotica","description":"Turisti\u010dka organizacija grada Subotice","potentialAction":[{"@type":"SearchAction","target":{"@type":"EntryPoint","urlTemplate":"https:\/\/visitsubotica.rs\/?s={search_term_string}"},"query-input":{"@type":"PropertyValueSpecification","valueRequired":true,"valueName":"search_term_string"}}],"inLanguage":"en-US"}]}},"_links":{"self":[{"href":"https:\/\/visitsubotica.rs\/en\/wp-json\/wp\/v2\/pages\/9079","targetHints":{"allow":["GET"]}}],"collection":[{"href":"https:\/\/visitsubotica.rs\/en\/wp-json\/wp\/v2\/pages"}],"about":[{"href":"https:\/\/visitsubotica.rs\/en\/wp-json\/wp\/v2\/types\/page"}],"author":[{"embeddable":true,"href":"https:\/\/visitsubotica.rs\/en\/wp-json\/wp\/v2\/users\/1"}],"replies":[{"embeddable":true,"href":"https:\/\/visitsubotica.rs\/en\/wp-json\/wp\/v2\/comments?post=9079"}],"version-history":[{"count":0,"href":"https:\/\/visitsubotica.rs\/en\/wp-json\/wp\/v2\/pages\/9079\/revisions"}],"up":[{"embeddable":true,"href":"https:\/\/visitsubotica.rs\/en\/wp-json\/wp\/v2\/pages\/9061"}],"wp:featuredmedia":[{"embeddable":true,"href":"https:\/\/visitsubotica.rs\/en\/wp-json\/wp\/v2\/media\/31859"}],"wp:attachment":[{"href":"https:\/\/visitsubotica.rs\/en\/wp-json\/wp\/v2\/media?parent=9079"}],"curies":[{"name":"wp","href":"https:\/\/api.w.org\/{rel}","templated":true}]}}